{"id":721,"date":"2020-10-20T15:44:19","date_gmt":"2020-10-20T13:44:19","guid":{"rendered":"http:\/\/kits.themecy.com\/?page_id=8"},"modified":"2026-02-07T17:04:01","modified_gmt":"2026-02-07T16:04:01","slug":"home-1","status":"publish","type":"page","link":"https:\/\/jaw-technika.pl\/","title":{"rendered":"Strona G\u0142\u00f3wna"},"content":{"rendered":"\t\t<div data-elementor-type=\"wp-page\" data-elementor-id=\"721\" class=\"elementor elementor-721\">\n\t\t\t\t\t\t<section class=\"elementor-section elementor-top-section elementor-element elementor-element-80c04cf elementor-section-height-min-height elementor-section-items-stretch elementor-section-boxed elementor-section-height-default elementor-invisible\" data-id=\"80c04cf\" data-element_type=\"section\" data-e-type=\"section\" data-settings=\"{&quot;shape_divider_bottom&quot;:&quot;triangle-asymmetrical&quot;,&quot;animation&quot;:&quot;fadeIn&quot;,&quot;background_background&quot;:&quot;gradient&quot;}\">\n\t\t\t\t\t<div class=\"elementor-shape elementor-shape-bottom\" aria-hidden=\"true\" data-negative=\"false\">\n\t\t\t<svg xmlns=\"http:\/\/www.w3.org\/2000\/svg\" viewBox=\"0 0 1000 100\" preserveAspectRatio=\"none\">\n\t<path class=\"elementor-shape-fill\" d=\"M738,99l262-93V0H0v5.6L738,99z\"\/>\n<\/svg>\t\t<\/div>\n\t\t\t\t\t<div class=\"elementor-container elementor-column-gap-default\">\n\t\t\t\t\t<div class=\"elementor-column elementor-col-100 elementor-top-column elementor-element elementor-element-49cec12\" data-id=\"49cec12\" data-element_type=\"column\" data-e-type=\"column\">\n\t\t\t<div class=\"elementor-widget-wrap elementor-element-populated\">\n\t\t\t\t\t\t<div class=\"elementor-element elementor-element-84f788a elementor-widget elementor-widget-heading\" data-id=\"84f788a\" data-element_type=\"widget\" data-e-type=\"widget\" data-widget_type=\"heading.default\">\n\t\t\t\t<div class=\"elementor-widget-container\">\n\t\t\t\t\t<h1 class=\"elementor-heading-title elementor-size-default\"><br><br>Technika to my!<br><br><\/h1>\t\t\t\t<\/div>\n\t\t\t\t<\/div>\n\t\t\t\t\t<\/div>\n\t\t<\/div>\n\t\t\t\t\t<\/div>\n\t\t<\/section>\n\t\t\t\t<section class=\"elementor-section elementor-top-section elementor-element elementor-element-9c88d14 elementor-section-boxed elementor-section-height-default elementor-section-height-default\" data-id=\"9c88d14\" data-element_type=\"section\" data-e-type=\"section\">\n\t\t\t\t\t\t<div class=\"elementor-container elementor-column-gap-default\">\n\t\t\t\t\t<div class=\"elementor-column elementor-col-33 elementor-top-column elementor-element elementor-element-6c3d2ea\" data-id=\"6c3d2ea\" data-element_type=\"column\" data-e-type=\"column\">\n\t\t\t<div class=\"elementor-widget-wrap elementor-element-populated\">\n\t\t\t\t\t\t<div class=\"elementor-element elementor-element-822c8a1 elementor-widget elementor-widget-text-editor\" data-id=\"822c8a1\" data-element_type=\"widget\" data-e-type=\"widget\" data-widget_type=\"text-editor.default\">\n\t\t\t\t<div class=\"elementor-widget-container\">\n\t\t\t\t\t\t\t\t\t<p data-start=\"329\" data-end=\"576\">Jeste\u015bmy firm\u0105, w kt\u00f3rej praca z technologi\u0105 wywodzi si\u0119 z pasji. W codziennej dzia\u0142alno\u015bci \u0142\u0105czymy wiele dziedzin techniki, oferuj\u0105c konsultacje oraz doradztwo w zakresie kompleksowych rozwi\u0105za\u0144 dla obiekt\u00f3w Data Center.<\/p><p data-start=\"329\" data-end=\"576\"><span style=\"background-color: transparent;\">Bazuj\u0105c na wieloletnim do\u015bwiadczeniu, \u015bwiadczymy us\u0142ugi z zakresu instalacji elektrycznych, niskopr\u0105dowych oraz teleinformatycznych, a tak\u017ce wdra\u017camy technologie inteligentnych dom\u00f3w. Nie s\u0105 nam obce r\u00f3wnie\u017c prace zwi\u0105zane z produkcj\u0105 wyrob\u00f3w metalowych.<\/span><\/p><p data-start=\"329\" data-end=\"576\">W ramach naszych dzia\u0142a\u0144 zajmujemy si\u0119 tak\u017ce systemami automatyki budynkowej. Zapraszamy do zapoznania si\u0119 z naszymi mo\u017cliwo\u015bciami oraz do kontaktu.<\/p>\t\t\t\t\t\t\t\t<\/div>\n\t\t\t\t<\/div>\n\t\t\t\t\t<\/div>\n\t\t<\/div>\n\t\t\t\t<div class=\"elementor-column elementor-col-66 elementor-top-column elementor-element elementor-element-b195c9e\" data-id=\"b195c9e\" data-element_type=\"column\" data-e-type=\"column\">\n\t\t\t<div class=\"elementor-widget-wrap elementor-element-populated\">\n\t\t\t\t\t\t<div class=\"elementor-element elementor-element-21fc44c elementor-widget elementor-widget-image\" data-id=\"21fc44c\" data-element_type=\"widget\" data-e-type=\"widget\" data-widget_type=\"image.default\">\n\t\t\t\t<div class=\"elementor-widget-container\">\n\t\t\t\t\t\t\t\t\t\t\t\t\t\t\t<img fetchpriority=\"high\" decoding=\"async\" width=\"554\" height=\"517\" src=\"https:\/\/jaw-technika.pl\/wp-content\/uploads\/2023\/08\/Zrzut-ekranu-2023-08-25-o-22.47.19-e1770453967384.png\" class=\"attachment-large size-large wp-image-927\" alt=\"\" srcset=\"https:\/\/jaw-technika.pl\/wp-content\/uploads\/2023\/08\/Zrzut-ekranu-2023-08-25-o-22.47.19-e1770453967384.png 554w, https:\/\/jaw-technika.pl\/wp-content\/uploads\/2023\/08\/Zrzut-ekranu-2023-08-25-o-22.47.19-e1770453967384-300x280.png 300w\" sizes=\"(max-width: 554px) 100vw, 554px\" \/>\t\t\t\t\t\t\t\t\t\t\t\t\t\t\t<\/div>\n\t\t\t\t<\/div>\n\t\t\t\t\t<\/div>\n\t\t<\/div>\n\t\t\t\t\t<\/div>\n\t\t<\/section>\n\t\t\t\t<\/div>\n\t\t","protected":false},"excerpt":{"rendered":"<p>Technika to my! Jeste\u015bmy firm\u0105, w kt\u00f3rej praca z technologi\u0105 wywodzi si\u0119 z pasji. W codziennej dzia\u0142alno\u015bci \u0142\u0105czymy wiele dziedzin techniki, oferuj\u0105c konsultacje oraz doradztwo w zakresie kompleksowych rozwi\u0105za\u0144 dla obiekt\u00f3w Data Center. Bazuj\u0105c na wieloletnim do\u015bwiadczeniu, \u015bwiadczymy us\u0142ugi z zakresu instalacji elektrycznych, niskopr\u0105dowych oraz teleinformatycznych, a tak\u017ce wdra\u017camy technologie inteligentnych dom\u00f3w. Nie s\u0105 nam&#8230;<\/p>\n","protected":false},"author":1,"featured_media":0,"parent":0,"menu_order":0,"comment_status":"closed","ping_status":"closed","template":"","meta":{"_kad_post_transparent":"enable","_kad_post_title":"hide","_kad_post_layout":"fullwidth","_kad_post_sidebar_id":"","_kad_post_content_style":"unboxed","_kad_post_vertical_padding":"hide","_kad_post_feature":"hide","_kad_post_feature_position":"","_kad_post_header":false,"_kad_post_footer":false,"footnotes":""},"class_list":["post-721","page","type-page","status-publish","hentry"],"_links":{"self":[{"href":"https:\/\/jaw-technika.pl\/index.php?rest_route=\/wp\/v2\/pages\/721","targetHints":{"allow":["GET"]}}],"collection":[{"href":"https:\/\/jaw-technika.pl\/index.php?rest_route=\/wp\/v2\/pages"}],"about":[{"href":"https:\/\/jaw-technika.pl\/index.php?rest_route=\/wp\/v2\/types\/page"}],"author":[{"embeddable":true,"href":"https:\/\/jaw-technika.pl\/index.php?rest_route=\/wp\/v2\/users\/1"}],"replies":[{"embeddable":true,"href":"https:\/\/jaw-technika.pl\/index.php?rest_route=%2Fwp%2Fv2%2Fcomments&post=721"}],"version-history":[{"count":56,"href":"https:\/\/jaw-technika.pl\/index.php?rest_route=\/wp\/v2\/pages\/721\/revisions"}],"predecessor-version":[{"id":1014,"href":"https:\/\/jaw-technika.pl\/index.php?rest_route=\/wp\/v2\/pages\/721\/revisions\/1014"}],"wp:attachment":[{"href":"https:\/\/jaw-technika.pl\/index.php?rest_route=%2Fwp%2Fv2%2Fmedia&parent=721"}],"curies":[{"name":"wp","href":"https:\/\/api.w.org\/{rel}","templated":true}]}}